{"id":339,"date":"2021-02-09T11:38:07","date_gmt":"2021-02-09T15:38:07","guid":{"rendered":"http:\/\/ayuntamiento.o\/transparencia\/?page_id=339"},"modified":"2021-02-09T21:52:55","modified_gmt":"2021-02-10T01:52:55","slug":"como-ser-proveedor","status":"publish","type":"page","link":"https:\/\/ayuntamientoguananico.gob.do\/transparencia\/como-ser-proveedor\/","title":{"rendered":"\u00bfC\u00f3mo ser proveedor?"},"content":{"rendered":"<p><span style=\"font-size: 18pt\"><strong>Los proveedores interesados en ofrecer bienes y servicios al Ayuntamiento de Guananico deben cumplir con los siguientes requisitos:<\/strong><\/span><\/p>\n<p>&nbsp;<\/p>\n<ol>\n<li><strong><span style=\"font-size: 14pt\">Contar con el Registro de Proveedores del Estado (RPE), seg\u00fan lo establecido en el portal\u00a0<\/span><\/strong><span style=\"font-size: 14pt\"><a href=\"http:\/\/comprasdominicana.gov.do\/web\/guest\/portada\" target=\"_blank\" rel=\"noopener\">http:\/\/comprasdominicana.gov.do\/web\/guest\/portada<\/a><\/span><span style=\"font-size: 14pt\">.<\/span><\/li>\n<li><span style=\"font-size: 14pt\">Estar al d\u00eda en el pago de sus obligaciones fiscales.<\/span><\/li>\n<li><span style=\"font-size: 14pt\">Depositar en el Departamento de Compras* un Portafolio de Negocios que incluya:<\/span>\n<ol>\n<li><span style=\"font-size: 14pt\">Descripci\u00f3n de la empresa<\/span><\/li>\n<li><span style=\"font-size: 14pt\">Bienes y servicios ofrecidos<\/span><\/li>\n<li><span style=\"font-size: 14pt\">Servicios de valor a\u00f1adido<\/span><\/li>\n<li><span style=\"font-size: 14pt\">Experiencia en el mercado<\/span><\/li>\n<li><span style=\"font-size: 14pt\">Referencias comerciales<\/span><\/li>\n<li><span style=\"font-size: 14pt\">T\u00e9rminos de pago<\/span><\/li>\n<li><span style=\"font-size: 14pt\">T\u00e9rminos de entrega<\/span><\/li>\n<\/ol>\n<\/li>\n<li><span style=\"font-size: 14pt\">Participar de los procesos de las compras y contrataciones publicados a trav\u00e9s de este portal y la Direcci\u00f3n General de Contrataciones<\/span><span style=\"font-size: 14pt\"> P\u00fablicas\u00a0<a href=\"http:\/\/comprasdominicana.gov.do\/web\/guest\/portada\" target=\"_blank\" rel=\"noopener\">http:\/\/comprasdominicana.gov.do\/web\/guest\/portada<\/a>\u00a0y en el portal de nuestra organizaci\u00f3n gubernamental en la secci\u00f3n de transparencia.<\/span><\/li>\n<\/ol>\n<p>&nbsp;<\/p>\n<p><strong><span style=\"font-size: 18pt\"><em>PASOS PARA INSCRIBIRSE EN EL REGISTRO DE PROVEEDORES DEL ESTADO (RPE).<\/em><\/span><\/strong><\/p>\n<p><strong><span style=\"font-size: 18pt\">La Inscripci\u00f3n en el Registro de Proveedores del Estado puede realizarse f\u00edsicamente o mediante la solicitud de inscripci\u00f3n digital, la cual ser\u00e1 aprobada al momento de completar la documentaci\u00f3n requerida en nuestras oficinas, en un plazo no mayor de 4 d\u00edas.<\/span><\/strong><\/p>\n<p>&nbsp;<\/p>\n<p style=\"text-align: center\"><a href=\"https:\/\/drive.google.com\/file\/d\/15jeorSk1SGmvZcRVWGXAqLU43IA69sBs\/view?usp=sharing\">htt<strong>p:\/\/www.dgcp.gob.do\/new_dgcp\/documentos\/registro_de_proveedores\/como_inscribirse\/FORMULARIO%20REGISTRO%20PROVEEDORES.PDF<\/strong><\/a><\/p>\n<p>&nbsp;<\/p>\n","protected":false},"excerpt":{"rendered":"Los proveedores interesados en ofrecer bienes y servicios al Ayuntamiento de Guananico deben cumplir con los siguientes requisitos: &nbsp; Contar con el Registro de Proveedores del Estado (RPE), seg\u00fan lo establecido en el portal\u00a0http:\/\/comprasdominicana.gov.do\/web\/guest\/portada. Estar al d\u00eda en el pago de sus obligaciones fiscales. Depositar en el Departamento de Compras* un Portafolio de Negocios que&#8230;","protected":false},"author":4,"featured_media":0,"parent":0,"menu_order":0,"comment_status":"closed","ping_status":"closed","template":"","meta":[],"_links":{"self":[{"href":"https:\/\/ayuntamientoguananico.gob.do\/transparencia\/wp-json\/wp\/v2\/pages\/339"}],"collection":[{"href":"https:\/\/ayuntamientoguananico.gob.do\/transparencia\/wp-json\/wp\/v2\/pages"}],"about":[{"href":"https:\/\/ayuntamientoguananico.gob.do\/transparencia\/wp-json\/wp\/v2\/types\/page"}],"author":[{"embeddable":true,"href":"https:\/\/ayuntamientoguananico.gob.do\/transparencia\/wp-json\/wp\/v2\/users\/4"}],"replies":[{"embeddable":true,"href":"https:\/\/ayuntamientoguananico.gob.do\/transparencia\/wp-json\/wp\/v2\/comments?post=339"}],"version-history":[{"count":6,"href":"https:\/\/ayuntamientoguananico.gob.do\/transparencia\/wp-json\/wp\/v2\/pages\/339\/revisions"}],"predecessor-version":[{"id":412,"href":"https:\/\/ayuntamientoguananico.gob.do\/transparencia\/wp-json\/wp\/v2\/pages\/339\/revisions\/412"}],"wp:attachment":[{"href":"https:\/\/ayuntamientoguananico.gob.do\/transparencia\/wp-json\/wp\/v2\/media?parent=339"}],"curies":[{"name":"wp","href":"https:\/\/api.w.org\/{rel}","templated":true}]}}